{"id":29,"date":"2024-09-03T20:20:58","date_gmt":"2024-09-03T20:20:58","guid":{"rendered":"https:\/\/peaceful-chandrasekhar.5-148-165-28.plesk.page\/?page_id=29"},"modified":"2024-09-03T20:20:58","modified_gmt":"2024-09-03T20:20:58","slug":"planung","status":"publish","type":"page","link":"https:\/\/peaceful-chandrasekhar.5-148-165-28.plesk.page\/index.php\/planung\/","title":{"rendered":"Planung"},"content":{"rendered":"\n<h2 class=\"wp-block-heading\">Planung<\/h2>\n\n\n\n<h3 class=\"wp-block-heading\"><strong>Spezialisten in jedem Bereich<\/strong><\/h3>\n\n\n\n<p>Bei uns bekommen Sie alles aus einer Hand.<br><br>Wir sind Ihre Spezialisten bei der Planung f\u00fcr Um- und Neubauten in den Bereichen Sanit\u00e4r, Heizung und L\u00fcftung. Wir \u00fcbernehmen f\u00fcr Sie die gesamte Organisation, auch mit den anderen Handwerkern.<\/p>\n\n\n\n<div class=\"wp-block-jetpack-tiled-gallery aligncenter is-style-rectangular\"><div class=\"has-rounded-corners-10\"><div class=\"tiled-gallery__gallery\"><div class=\"tiled-gallery__row\"><div class=\"tiled-gallery__col\" style=\"flex-basis:50.00000%\"><figure class=\"tiled-gallery__item\"><img decoding=\"async\" srcset=\"https:\/\/i0.wp.com\/peaceful-chandrasekhar.5-148-165-28.plesk.page\/wp-content\/uploads\/2024\/09\/Planung2-d53abb1eaa.jpg?strip=info&#038;w=600&#038;ssl=1 600w,https:\/\/i0.wp.com\/peaceful-chandrasekhar.5-148-165-28.plesk.page\/wp-content\/uploads\/2024\/09\/Planung2-d53abb1eaa.jpg?strip=info&#038;w=900&#038;ssl=1 900w,https:\/\/i0.wp.com\/peaceful-chandrasekhar.5-148-165-28.plesk.page\/wp-content\/uploads\/2024\/09\/Planung2-d53abb1eaa.jpg?strip=info&#038;w=1024&#038;ssl=1 1024w\" alt=\"\" data-height=\"768\" data-id=\"30\" data-link=\"https:\/\/peaceful-chandrasekhar.5-148-165-28.plesk.page\/?attachment_id=30\" data-url=\"https:\/\/peaceful-chandrasekhar.5-148-165-28.plesk.page\/wp-content\/uploads\/2024\/09\/Planung2-d53abb1eaa.jpg\" data-width=\"1024\" src=\"https:\/\/i0.wp.com\/peaceful-chandrasekhar.5-148-165-28.plesk.page\/wp-content\/uploads\/2024\/09\/Planung2-d53abb1eaa.jpg?ssl=1\" data-amp-layout=\"responsive\" tabindex=\"0\" role=\"button\" aria-label=\"Open image 1 of 2 in full-screen\"\/><\/figure><\/div><div class=\"tiled-gallery__col\" style=\"flex-basis:50.00000%\"><figure class=\"tiled-gallery__item\"><img decoding=\"async\" srcset=\"https:\/\/i2.wp.com\/peaceful-chandrasekhar.5-148-165-28.plesk.page\/wp-content\/uploads\/2024\/09\/Planung3-d53abb1eaa.jpg?strip=info&#038;w=600&#038;ssl=1 600w,https:\/\/i2.wp.com\/peaceful-chandrasekhar.5-148-165-28.plesk.page\/wp-content\/uploads\/2024\/09\/Planung3-d53abb1eaa.jpg?strip=info&#038;w=900&#038;ssl=1 900w,https:\/\/i2.wp.com\/peaceful-chandrasekhar.5-148-165-28.plesk.page\/wp-content\/uploads\/2024\/09\/Planung3-d53abb1eaa.jpg?strip=info&#038;w=1024&#038;ssl=1 1024w\" alt=\"\" data-height=\"768\" data-id=\"31\" data-link=\"https:\/\/peaceful-chandrasekhar.5-148-165-28.plesk.page\/?attachment_id=31\" data-url=\"https:\/\/peaceful-chandrasekhar.5-148-165-28.plesk.page\/wp-content\/uploads\/2024\/09\/Planung3-d53abb1eaa.jpg\" data-width=\"1024\" src=\"https:\/\/i2.wp.com\/peaceful-chandrasekhar.5-148-165-28.plesk.page\/wp-content\/uploads\/2024\/09\/Planung3-d53abb1eaa.jpg?ssl=1\" data-amp-layout=\"responsive\" tabindex=\"0\" role=\"button\" aria-label=\"Open image 2 of 2 in full-screen\"\/><\/figure><\/div><\/div><\/div><\/div><\/div>\n\n\n\n<p><\/p>\n","protected":false},"excerpt":{"rendered":"<p>Planung Spezialisten in jedem Bereich Bei uns bekommen Sie alles aus einer Hand. Wir sind Ihre Spezialisten bei der Planung [&hellip;]<\/p>\n","protected":false},"author":1,"featured_media":0,"parent":0,"menu_order":0,"comment_status":"closed","ping_status":"closed","template":"","meta":{"site-sidebar-layout":"default","site-content-layout":"","ast-site-content-layout":"","site-content-style":"default","site-sidebar-style":"default","ast-global-header-display":"","ast-banner-title-visibility":"","ast-main-header-display":"","ast-hfb-above-header-display":"","ast-hfb-below-header-display":"","ast-hfb-mobile-header-display":"","site-post-title":"","ast-breadcrumbs-content":"","ast-featured-img":"","footer-sml-layout":"","theme-transparent-header-meta":"","adv-header-id-meta":"","stick-header-meta":"","header-above-stick-meta":"","header-main-stick-meta":"","header-below-stick-meta":"","astra-migrate-meta-layouts":"default","ast-page-background-enabled":"default","ast-page-background-meta":{"desktop":{"background-color":"var(--ast-global-color-4)","background-image":"","background-repeat":"repeat","background-position":"center center","background-size":"auto","background-attachment":"scroll","background-type":"","background-media":"","overlay-type":"","overlay-color":"","overlay-opacity":"","overlay-gradient":""},"tablet":{"background-color":"","background-image":"","background-repeat":"repeat","background-position":"center center","background-size":"auto","background-attachment":"scroll","background-type":"","background-media":"","overlay-type":"","overlay-color":"","overlay-opacity":"","overlay-gradient":""},"mobile":{"background-color":"","background-image":"","background-repeat":"repeat","background-position":"center center","background-size":"auto","background-attachment":"scroll","background-type":"","background-media":"","overlay-type":"","overlay-color":"","overlay-opacity":"","overlay-gradient":""}},"ast-content-background-meta":{"desktop":{"background-color":"var(--ast-global-color-5)","background-image":"","background-repeat":"repeat","background-position":"center center","background-size":"auto","background-attachment":"scroll","background-type":"","background-media":"","overlay-type":"","overlay-color":"","overlay-opacity":"","overlay-gradient":""},"tablet":{"background-color":"var(--ast-global-color-5)","background-image":"","background-repeat":"repeat","background-position":"center center","background-size":"auto","background-attachment":"scroll","background-type":"","background-media":"","overlay-type":"","overlay-color":"","overlay-opacity":"","overlay-gradient":""},"mobile":{"background-color":"var(--ast-global-color-5)","background-image":"","background-repeat":"repeat","background-position":"center center","background-size":"auto","background-attachment":"scroll","background-type":"","background-media":"","overlay-type":"","overlay-color":"","overlay-opacity":"","overlay-gradient":""}},"footnotes":""},"class_list":["post-29","page","type-page","status-publish","hentry"],"jetpack_sharing_enabled":true,"_links":{"self":[{"href":"https:\/\/peaceful-chandrasekhar.5-148-165-28.plesk.page\/index.php\/wp-json\/wp\/v2\/pages\/29","targetHints":{"allow":["GET"]}}],"collection":[{"href":"https:\/\/peaceful-chandrasekhar.5-148-165-28.plesk.page\/index.php\/wp-json\/wp\/v2\/pages"}],"about":[{"href":"https:\/\/peaceful-chandrasekhar.5-148-165-28.plesk.page\/index.php\/wp-json\/wp\/v2\/types\/page"}],"author":[{"embeddable":true,"href":"https:\/\/peaceful-chandrasekhar.5-148-165-28.plesk.page\/index.php\/wp-json\/wp\/v2\/users\/1"}],"replies":[{"embeddable":true,"href":"https:\/\/peaceful-chandrasekhar.5-148-165-28.plesk.page\/index.php\/wp-json\/wp\/v2\/comments?post=29"}],"version-history":[{"count":2,"href":"https:\/\/peaceful-chandrasekhar.5-148-165-28.plesk.page\/index.php\/wp-json\/wp\/v2\/pages\/29\/revisions"}],"predecessor-version":[{"id":127,"href":"https:\/\/peaceful-chandrasekhar.5-148-165-28.plesk.page\/index.php\/wp-json\/wp\/v2\/pages\/29\/revisions\/127"}],"wp:attachment":[{"href":"https:\/\/peaceful-chandrasekhar.5-148-165-28.plesk.page\/index.php\/wp-json\/wp\/v2\/media?parent=29"}],"curies":[{"name":"wp","href":"https:\/\/api.w.org\/{rel}","templated":true}]}}