{"id":43,"date":"2024-09-03T20:33:05","date_gmt":"2024-09-03T20:33:05","guid":{"rendered":"https:\/\/peaceful-chandrasekhar.5-148-165-28.plesk.page\/?page_id=43"},"modified":"2024-09-03T20:33:05","modified_gmt":"2024-09-03T20:33:05","slug":"sanitaerinstallation","status":"publish","type":"page","link":"https:\/\/peaceful-chandrasekhar.5-148-165-28.plesk.page\/index.php\/sanitaerinstallation\/","title":{"rendered":"Sanit\u00e4rinstallation"},"content":{"rendered":"\n<h2 class=\"wp-block-heading\">Sanit\u00e4rinstallation<\/h2>\n\n\n\n<h3 class=\"wp-block-heading\"><strong>Ihre Ziele stehen f\u00fcr uns im Vordergrund<\/strong><\/h3>\n\n\n\n<p>Nach Ihren W\u00fcnschen und Bed\u00fcrfnisse \u00fcbernehmen wir die komplette Installation von der Quelle bis zur Armatur in Ihrem Haus.<\/p>\n\n\n\n<p>Mit uns erf\u00fcllen sich Ihre Tr\u00e4ume von einem neuen Bad. Wir beraten Sie gerne in allen Fragen. Ganz nach Ihren Vorstellungen planen und realisieren wir Ihre W\u00fcnsche. Unser Serviceteam ist auch nach dem Umbau immer f\u00fcr Sie da.<\/p>\n\n\n\n<div class=\"wp-block-jetpack-tiled-gallery aligncenter is-style-columns\" style=\"margin-top:0;margin-right:0;margin-bottom:0;margin-left:0;padding-top:0;padding-right:0;padding-bottom:0;padding-left:0\"><div class=\"has-rounded-corners-10\"><div class=\"tiled-gallery__gallery\"><div class=\"tiled-gallery__row\"><div class=\"tiled-gallery__col\" style=\"flex-basis:34.09008%\"><figure class=\"tiled-gallery__item\"><img decoding=\"async\" srcset=\"https:\/\/i1.wp.com\/peaceful-chandrasekhar.5-148-165-28.plesk.page\/wp-content\/uploads\/2024\/09\/photo_2021-06-15_15-41-14-e5adf154f6-1-1024x768.jpg?strip=info&#038;w=600&#038;ssl=1 600w,https:\/\/i1.wp.com\/peaceful-chandrasekhar.5-148-165-28.plesk.page\/wp-content\/uploads\/2024\/09\/photo_2021-06-15_15-41-14-e5adf154f6-1-1024x768.jpg?strip=info&#038;w=900&#038;ssl=1 900w,https:\/\/i1.wp.com\/peaceful-chandrasekhar.5-148-165-28.plesk.page\/wp-content\/uploads\/2024\/09\/photo_2021-06-15_15-41-14-e5adf154f6-1-1024x768.jpg?strip=info&#038;w=1200&#038;ssl=1 1200w,https:\/\/i1.wp.com\/peaceful-chandrasekhar.5-148-165-28.plesk.page\/wp-content\/uploads\/2024\/09\/photo_2021-06-15_15-41-14-e5adf154f6-1-1024x768.jpg?strip=info&#038;w=1280&#038;ssl=1 1280w\" alt=\"\" data-height=\"960\" data-id=\"44\" data-link=\"https:\/\/peaceful-chandrasekhar.5-148-165-28.plesk.page\/?attachment_id=44\" data-url=\"https:\/\/peaceful-chandrasekhar.5-148-165-28.plesk.page\/wp-content\/uploads\/2024\/09\/photo_2021-06-15_15-41-14-e5adf154f6-1-1024x768.jpg\" data-width=\"1280\" src=\"https:\/\/i1.wp.com\/peaceful-chandrasekhar.5-148-165-28.plesk.page\/wp-content\/uploads\/2024\/09\/photo_2021-06-15_15-41-14-e5adf154f6-1-1024x768.jpg?ssl=1\" data-amp-layout=\"responsive\" tabindex=\"0\" role=\"button\" aria-label=\"Open image 1 of 9 in full-screen\"\/><\/figure><figure class=\"tiled-gallery__item\"><img decoding=\"async\" srcset=\"https:\/\/i2.wp.com\/peaceful-chandrasekhar.5-148-165-28.plesk.page\/wp-content\/uploads\/2024\/09\/Badezimmer2-e89eb654ec-1024x768.jpg?strip=info&#038;w=600&#038;ssl=1 600w,https:\/\/i2.wp.com\/peaceful-chandrasekhar.5-148-165-28.plesk.page\/wp-content\/uploads\/2024\/09\/Badezimmer2-e89eb654ec-1024x768.jpg?strip=info&#038;w=900&#038;ssl=1 900w,https:\/\/i2.wp.com\/peaceful-chandrasekhar.5-148-165-28.plesk.page\/wp-content\/uploads\/2024\/09\/Badezimmer2-e89eb654ec-1024x768.jpg?strip=info&#038;w=1200&#038;ssl=1 1200w,https:\/\/i2.wp.com\/peaceful-chandrasekhar.5-148-165-28.plesk.page\/wp-content\/uploads\/2024\/09\/Badezimmer2-e89eb654ec-1024x768.jpg?strip=info&#038;w=1500&#038;ssl=1 1500w,https:\/\/i2.wp.com\/peaceful-chandrasekhar.5-148-165-28.plesk.page\/wp-content\/uploads\/2024\/09\/Badezimmer2-e89eb654ec-1024x768.jpg?strip=info&#038;w=1800&#038;ssl=1 1800w,https:\/\/i2.wp.com\/peaceful-chandrasekhar.5-148-165-28.plesk.page\/wp-content\/uploads\/2024\/09\/Badezimmer2-e89eb654ec-1024x768.jpg?strip=info&#038;w=2000&#038;ssl=1 2000w\" alt=\"\" data-height=\"1500\" data-id=\"45\" data-link=\"https:\/\/peaceful-chandrasekhar.5-148-165-28.plesk.page\/?attachment_id=45\" data-url=\"https:\/\/peaceful-chandrasekhar.5-148-165-28.plesk.page\/wp-content\/uploads\/2024\/09\/Badezimmer2-e89eb654ec-1024x768.jpg\" data-width=\"2000\" src=\"https:\/\/i2.wp.com\/peaceful-chandrasekhar.5-148-165-28.plesk.page\/wp-content\/uploads\/2024\/09\/Badezimmer2-e89eb654ec-1024x768.jpg?ssl=1\" data-amp-layout=\"responsive\" tabindex=\"0\" role=\"button\" aria-label=\"Open image 2 of 9 in full-screen\"\/><\/figure><figure class=\"tiled-gallery__item\"><img decoding=\"async\" srcset=\"https:\/\/i1.wp.com\/peaceful-chandrasekhar.5-148-165-28.plesk.page\/wp-content\/uploads\/2024\/09\/Badezimmer4-376d004271-1024x768.jpg?strip=info&#038;w=600&#038;ssl=1 600w,https:\/\/i1.wp.com\/peaceful-chandrasekhar.5-148-165-28.plesk.page\/wp-content\/uploads\/2024\/09\/Badezimmer4-376d004271-1024x768.jpg?strip=info&#038;w=900&#038;ssl=1 900w,https:\/\/i1.wp.com\/peaceful-chandrasekhar.5-148-165-28.plesk.page\/wp-content\/uploads\/2024\/09\/Badezimmer4-376d004271-1024x768.jpg?strip=info&#038;w=1200&#038;ssl=1 1200w,https:\/\/i1.wp.com\/peaceful-chandrasekhar.5-148-165-28.plesk.page\/wp-content\/uploads\/2024\/09\/Badezimmer4-376d004271-1024x768.jpg?strip=info&#038;w=1500&#038;ssl=1 1500w,https:\/\/i1.wp.com\/peaceful-chandrasekhar.5-148-165-28.plesk.page\/wp-content\/uploads\/2024\/09\/Badezimmer4-376d004271-1024x768.jpg?strip=info&#038;w=1632&#038;ssl=1 1632w\" alt=\"\" data-height=\"1224\" data-id=\"46\" data-link=\"https:\/\/peaceful-chandrasekhar.5-148-165-28.plesk.page\/?attachment_id=46\" data-url=\"https:\/\/peaceful-chandrasekhar.5-148-165-28.plesk.page\/wp-content\/uploads\/2024\/09\/Badezimmer4-376d004271-1024x768.jpg\" data-width=\"1632\" src=\"https:\/\/i1.wp.com\/peaceful-chandrasekhar.5-148-165-28.plesk.page\/wp-content\/uploads\/2024\/09\/Badezimmer4-376d004271-1024x768.jpg?ssl=1\" data-amp-layout=\"responsive\" tabindex=\"0\" role=\"button\" aria-label=\"Open image 3 of 9 in full-screen\"\/><\/figure><\/div><div class=\"tiled-gallery__col\" style=\"flex-basis:34.09008%\"><figure class=\"tiled-gallery__item\"><img decoding=\"async\" srcset=\"https:\/\/i1.wp.com\/peaceful-chandrasekhar.5-148-165-28.plesk.page\/wp-content\/uploads\/2024\/09\/Waschbecken2-ba02903e99-1024x768.jpg?strip=info&#038;w=600&#038;ssl=1 600w,https:\/\/i1.wp.com\/peaceful-chandrasekhar.5-148-165-28.plesk.page\/wp-content\/uploads\/2024\/09\/Waschbecken2-ba02903e99-1024x768.jpg?strip=info&#038;w=900&#038;ssl=1 900w,https:\/\/i1.wp.com\/peaceful-chandrasekhar.5-148-165-28.plesk.page\/wp-content\/uploads\/2024\/09\/Waschbecken2-ba02903e99-1024x768.jpg?strip=info&#038;w=1200&#038;ssl=1 1200w,https:\/\/i1.wp.com\/peaceful-chandrasekhar.5-148-165-28.plesk.page\/wp-content\/uploads\/2024\/09\/Waschbecken2-ba02903e99-1024x768.jpg?strip=info&#038;w=1500&#038;ssl=1 1500w,https:\/\/i1.wp.com\/peaceful-chandrasekhar.5-148-165-28.plesk.page\/wp-content\/uploads\/2024\/09\/Waschbecken2-ba02903e99-1024x768.jpg?strip=info&#038;w=1800&#038;ssl=1 1800w,https:\/\/i1.wp.com\/peaceful-chandrasekhar.5-148-165-28.plesk.page\/wp-content\/uploads\/2024\/09\/Waschbecken2-ba02903e99-1024x768.jpg?strip=info&#038;w=2000&#038;ssl=1 2000w\" alt=\"\" data-height=\"1920\" data-id=\"47\" data-link=\"https:\/\/peaceful-chandrasekhar.5-148-165-28.plesk.page\/?attachment_id=47\" data-url=\"https:\/\/peaceful-chandrasekhar.5-148-165-28.plesk.page\/wp-content\/uploads\/2024\/09\/Waschbecken2-ba02903e99-1024x768.jpg\" data-width=\"2560\" src=\"https:\/\/i1.wp.com\/peaceful-chandrasekhar.5-148-165-28.plesk.page\/wp-content\/uploads\/2024\/09\/Waschbecken2-ba02903e99-1024x768.jpg?ssl=1\" data-amp-layout=\"responsive\" tabindex=\"0\" role=\"button\" aria-label=\"Open image 4 of 9 in full-screen\"\/><\/figure><figure class=\"tiled-gallery__item\"><img decoding=\"async\" srcset=\"https:\/\/i1.wp.com\/peaceful-chandrasekhar.5-148-165-28.plesk.page\/wp-content\/uploads\/2024\/09\/Badezimmer3-e89eb654ec-1024x768.jpg?strip=info&#038;w=600&#038;ssl=1 600w,https:\/\/i1.wp.com\/peaceful-chandrasekhar.5-148-165-28.plesk.page\/wp-content\/uploads\/2024\/09\/Badezimmer3-e89eb654ec-1024x768.jpg?strip=info&#038;w=900&#038;ssl=1 900w,https:\/\/i1.wp.com\/peaceful-chandrasekhar.5-148-165-28.plesk.page\/wp-content\/uploads\/2024\/09\/Badezimmer3-e89eb654ec-1024x768.jpg?strip=info&#038;w=1200&#038;ssl=1 1200w,https:\/\/i1.wp.com\/peaceful-chandrasekhar.5-148-165-28.plesk.page\/wp-content\/uploads\/2024\/09\/Badezimmer3-e89eb654ec-1024x768.jpg?strip=info&#038;w=1500&#038;ssl=1 1500w,https:\/\/i1.wp.com\/peaceful-chandrasekhar.5-148-165-28.plesk.page\/wp-content\/uploads\/2024\/09\/Badezimmer3-e89eb654ec-1024x768.jpg?strip=info&#038;w=1800&#038;ssl=1 1800w,https:\/\/i1.wp.com\/peaceful-chandrasekhar.5-148-165-28.plesk.page\/wp-content\/uploads\/2024\/09\/Badezimmer3-e89eb654ec-1024x768.jpg?strip=info&#038;w=2000&#038;ssl=1 2000w\" alt=\"\" data-height=\"1920\" data-id=\"48\" data-link=\"https:\/\/peaceful-chandrasekhar.5-148-165-28.plesk.page\/?attachment_id=48\" data-url=\"https:\/\/peaceful-chandrasekhar.5-148-165-28.plesk.page\/wp-content\/uploads\/2024\/09\/Badezimmer3-e89eb654ec-1024x768.jpg\" data-width=\"2560\" src=\"https:\/\/i1.wp.com\/peaceful-chandrasekhar.5-148-165-28.plesk.page\/wp-content\/uploads\/2024\/09\/Badezimmer3-e89eb654ec-1024x768.jpg?ssl=1\" data-amp-layout=\"responsive\" tabindex=\"0\" role=\"button\" aria-label=\"Open image 5 of 9 in full-screen\"\/><\/figure><figure class=\"tiled-gallery__item\"><img decoding=\"async\" srcset=\"https:\/\/i2.wp.com\/peaceful-chandrasekhar.5-148-165-28.plesk.page\/wp-content\/uploads\/2024\/09\/Badewanne-8a11b8e961-1024x768.jpg?strip=info&#038;w=600&#038;ssl=1 600w,https:\/\/i2.wp.com\/peaceful-chandrasekhar.5-148-165-28.plesk.page\/wp-content\/uploads\/2024\/09\/Badewanne-8a11b8e961-1024x768.jpg?strip=info&#038;w=900&#038;ssl=1 900w,https:\/\/i2.wp.com\/peaceful-chandrasekhar.5-148-165-28.plesk.page\/wp-content\/uploads\/2024\/09\/Badewanne-8a11b8e961-1024x768.jpg?strip=info&#038;w=1200&#038;ssl=1 1200w,https:\/\/i2.wp.com\/peaceful-chandrasekhar.5-148-165-28.plesk.page\/wp-content\/uploads\/2024\/09\/Badewanne-8a11b8e961-1024x768.jpg?strip=info&#038;w=1500&#038;ssl=1 1500w,https:\/\/i2.wp.com\/peaceful-chandrasekhar.5-148-165-28.plesk.page\/wp-content\/uploads\/2024\/09\/Badewanne-8a11b8e961-1024x768.jpg?strip=info&#038;w=1800&#038;ssl=1 1800w,https:\/\/i2.wp.com\/peaceful-chandrasekhar.5-148-165-28.plesk.page\/wp-content\/uploads\/2024\/09\/Badewanne-8a11b8e961-1024x768.jpg?strip=info&#038;w=2000&#038;ssl=1 2000w\" alt=\"\" data-height=\"1920\" data-id=\"49\" data-link=\"https:\/\/peaceful-chandrasekhar.5-148-165-28.plesk.page\/?attachment_id=49\" data-url=\"https:\/\/peaceful-chandrasekhar.5-148-165-28.plesk.page\/wp-content\/uploads\/2024\/09\/Badewanne-8a11b8e961-1024x768.jpg\" data-width=\"2560\" src=\"https:\/\/i2.wp.com\/peaceful-chandrasekhar.5-148-165-28.plesk.page\/wp-content\/uploads\/2024\/09\/Badewanne-8a11b8e961-1024x768.jpg?ssl=1\" data-amp-layout=\"responsive\" tabindex=\"0\" role=\"button\" aria-label=\"Open image 6 of 9 in full-screen\"\/><\/figure><\/div><div class=\"tiled-gallery__col\" style=\"flex-basis:31.81984%\"><figure class=\"tiled-gallery__item\"><img decoding=\"async\" srcset=\"https:\/\/i0.wp.com\/peaceful-chandrasekhar.5-148-165-28.plesk.page\/wp-content\/uploads\/2024\/09\/Duschkopf-3a66c8bbe5-1024x742.jpg?strip=info&#038;w=600&#038;ssl=1 600w,https:\/\/i0.wp.com\/peaceful-chandrasekhar.5-148-165-28.plesk.page\/wp-content\/uploads\/2024\/09\/Duschkopf-3a66c8bbe5-1024x742.jpg?strip=info&#038;w=900&#038;ssl=1 900w,https:\/\/i0.wp.com\/peaceful-chandrasekhar.5-148-165-28.plesk.page\/wp-content\/uploads\/2024\/09\/Duschkopf-3a66c8bbe5-1024x742.jpg?strip=info&#038;w=1084&#038;ssl=1 1084w\" alt=\"\" data-height=\"786\" data-id=\"50\" data-link=\"https:\/\/peaceful-chandrasekhar.5-148-165-28.plesk.page\/?attachment_id=50\" data-url=\"https:\/\/peaceful-chandrasekhar.5-148-165-28.plesk.page\/wp-content\/uploads\/2024\/09\/Duschkopf-3a66c8bbe5-1024x742.jpg\" data-width=\"1084\" src=\"https:\/\/i0.wp.com\/peaceful-chandrasekhar.5-148-165-28.plesk.page\/wp-content\/uploads\/2024\/09\/Duschkopf-3a66c8bbe5-1024x742.jpg?ssl=1\" data-amp-layout=\"responsive\" tabindex=\"0\" role=\"button\" aria-label=\"Open image 7 of 9 in full-screen\"\/><\/figure><figure class=\"tiled-gallery__item\"><img decoding=\"async\" srcset=\"https:\/\/i0.wp.com\/peaceful-chandrasekhar.5-148-165-28.plesk.page\/wp-content\/uploads\/2024\/09\/Dusche-7a75a70c3f.jpg?strip=info&#038;w=600&#038;ssl=1 600w,https:\/\/i0.wp.com\/peaceful-chandrasekhar.5-148-165-28.plesk.page\/wp-content\/uploads\/2024\/09\/Dusche-7a75a70c3f.jpg?strip=info&#038;w=800&#038;ssl=1 800w\" alt=\"\" data-height=\"750\" data-id=\"51\" data-link=\"https:\/\/peaceful-chandrasekhar.5-148-165-28.plesk.page\/?attachment_id=51\" data-url=\"https:\/\/peaceful-chandrasekhar.5-148-165-28.plesk.page\/wp-content\/uploads\/2024\/09\/Dusche-7a75a70c3f.jpg\" data-width=\"800\" src=\"https:\/\/i0.wp.com\/peaceful-chandrasekhar.5-148-165-28.plesk.page\/wp-content\/uploads\/2024\/09\/Dusche-7a75a70c3f.jpg?ssl=1\" data-amp-layout=\"responsive\" tabindex=\"0\" role=\"button\" aria-label=\"Open image 8 of 9 in full-screen\"\/><\/figure><figure class=\"tiled-gallery__item\"><img decoding=\"async\" srcset=\"https:\/\/i0.wp.com\/peaceful-chandrasekhar.5-148-165-28.plesk.page\/wp-content\/uploads\/2024\/09\/photo_2021-06-15_15-41-07-e5adf154f6-1024x768.jpg?strip=info&#038;w=600&#038;ssl=1 600w,https:\/\/i0.wp.com\/peaceful-chandrasekhar.5-148-165-28.plesk.page\/wp-content\/uploads\/2024\/09\/photo_2021-06-15_15-41-07-e5adf154f6-1024x768.jpg?strip=info&#038;w=900&#038;ssl=1 900w,https:\/\/i0.wp.com\/peaceful-chandrasekhar.5-148-165-28.plesk.page\/wp-content\/uploads\/2024\/09\/photo_2021-06-15_15-41-07-e5adf154f6-1024x768.jpg?strip=info&#038;w=1200&#038;ssl=1 1200w,https:\/\/i0.wp.com\/peaceful-chandrasekhar.5-148-165-28.plesk.page\/wp-content\/uploads\/2024\/09\/photo_2021-06-15_15-41-07-e5adf154f6-1024x768.jpg?strip=info&#038;w=1280&#038;ssl=1 1280w\" alt=\"\" data-height=\"960\" data-id=\"52\" data-link=\"https:\/\/peaceful-chandrasekhar.5-148-165-28.plesk.page\/?attachment_id=52\" data-url=\"https:\/\/peaceful-chandrasekhar.5-148-165-28.plesk.page\/wp-content\/uploads\/2024\/09\/photo_2021-06-15_15-41-07-e5adf154f6-1024x768.jpg\" data-width=\"1280\" src=\"https:\/\/i0.wp.com\/peaceful-chandrasekhar.5-148-165-28.plesk.page\/wp-content\/uploads\/2024\/09\/photo_2021-06-15_15-41-07-e5adf154f6-1024x768.jpg?ssl=1\" data-amp-layout=\"responsive\" tabindex=\"0\" role=\"button\" aria-label=\"Open image 9 of 9 in full-screen\"\/><\/figure><\/div><\/div><\/div><\/div><\/div>\n","protected":false},"excerpt":{"rendered":"<p>Sanit\u00e4rinstallation Ihre Ziele stehen f\u00fcr uns im Vordergrund Nach Ihren W\u00fcnschen und Bed\u00fcrfnisse \u00fcbernehmen wir die komplette Installation von der [&hellip;]<\/p>\n","protected":false},"author":1,"featured_media":0,"parent":0,"menu_order":0,"comment_status":"closed","ping_status":"closed","template":"","meta":{"site-sidebar-layout":"default","site-content-layout":"","ast-site-content-layout":"","site-content-style":"default","site-sidebar-style":"default","ast-global-header-display":"","ast-banner-title-visibility":"","ast-main-header-display":"","ast-hfb-above-header-display":"","ast-hfb-below-header-display":"","ast-hfb-mobile-header-display":"","site-post-title":"","ast-breadcrumbs-content":"","ast-featured-img":"","footer-sml-layout":"","theme-transparent-header-meta":"","adv-header-id-meta":"","stick-header-meta":"","header-above-stick-meta":"","header-main-stick-meta":"","header-below-stick-meta":"","astra-migrate-meta-layouts":"default","ast-page-background-enabled":"default","ast-page-background-meta":{"desktop":{"background-color":"var(--ast-global-color-4)","background-image":"","background-repeat":"repeat","background-position":"center center","background-size":"auto","background-attachment":"scroll","background-type":"","background-media":"","overlay-type":"","overlay-color":"","overlay-opacity":"","overlay-gradient":""},"tablet":{"background-color":"","background-image":"","background-repeat":"repeat","background-position":"center center","background-size":"auto","background-attachment":"scroll","background-type":"","background-media":"","overlay-type":"","overlay-color":"","overlay-opacity":"","overlay-gradient":""},"mobile":{"background-color":"","background-image":"","background-repeat":"repeat","background-position":"center center","background-size":"auto","background-attachment":"scroll","background-type":"","background-media":"","overlay-type":"","overlay-color":"","overlay-opacity":"","overlay-gradient":""}},"ast-content-background-meta":{"desktop":{"background-color":"var(--ast-global-color-5)","background-image":"","background-repeat":"repeat","background-position":"center center","background-size":"auto","background-attachment":"scroll","background-type":"","background-media":"","overlay-type":"","overlay-color":"","overlay-opacity":"","overlay-gradient":""},"tablet":{"background-color":"var(--ast-global-color-5)","background-image":"","background-repeat":"repeat","background-position":"center center","background-size":"auto","background-attachment":"scroll","background-type":"","background-media":"","overlay-type":"","overlay-color":"","overlay-opacity":"","overlay-gradient":""},"mobile":{"background-color":"var(--ast-global-color-5)","background-image":"","background-repeat":"repeat","background-position":"center center","background-size":"auto","background-attachment":"scroll","background-type":"","background-media":"","overlay-type":"","overlay-color":"","overlay-opacity":"","overlay-gradient":""}},"footnotes":""},"class_list":["post-43","page","type-page","status-publish","hentry"],"jetpack_sharing_enabled":true,"_links":{"self":[{"href":"https:\/\/peaceful-chandrasekhar.5-148-165-28.plesk.page\/index.php\/wp-json\/wp\/v2\/pages\/43","targetHints":{"allow":["GET"]}}],"collection":[{"href":"https:\/\/peaceful-chandrasekhar.5-148-165-28.plesk.page\/index.php\/wp-json\/wp\/v2\/pages"}],"about":[{"href":"https:\/\/peaceful-chandrasekhar.5-148-165-28.plesk.page\/index.php\/wp-json\/wp\/v2\/types\/page"}],"author":[{"embeddable":true,"href":"https:\/\/peaceful-chandrasekhar.5-148-165-28.plesk.page\/index.php\/wp-json\/wp\/v2\/users\/1"}],"replies":[{"embeddable":true,"href":"https:\/\/peaceful-chandrasekhar.5-148-165-28.plesk.page\/index.php\/wp-json\/wp\/v2\/comments?post=43"}],"version-history":[{"count":1,"href":"https:\/\/peaceful-chandrasekhar.5-148-165-28.plesk.page\/index.php\/wp-json\/wp\/v2\/pages\/43\/revisions"}],"predecessor-version":[{"id":54,"href":"https:\/\/peaceful-chandrasekhar.5-148-165-28.plesk.page\/index.php\/wp-json\/wp\/v2\/pages\/43\/revisions\/54"}],"wp:attachment":[{"href":"https:\/\/peaceful-chandrasekhar.5-148-165-28.plesk.page\/index.php\/wp-json\/wp\/v2\/media?parent=43"}],"curies":[{"name":"wp","href":"https:\/\/api.w.org\/{rel}","templated":true}]}}