{"id":55,"date":"2024-09-03T20:34:12","date_gmt":"2024-09-03T20:34:12","guid":{"rendered":"https:\/\/peaceful-chandrasekhar.5-148-165-28.plesk.page\/?page_id=55"},"modified":"2024-09-03T20:34:12","modified_gmt":"2024-09-03T20:34:12","slug":"lueftungstechnik","status":"publish","type":"page","link":"https:\/\/peaceful-chandrasekhar.5-148-165-28.plesk.page\/index.php\/lueftungstechnik\/","title":{"rendered":"L\u00fcftungstechnik"},"content":{"rendered":"\n<h2 class=\"wp-block-heading\">L\u00fcftungstechnik<\/h2>\n\n\n\n<p>Wir planen und erstellen L\u00fcftungsanlagen nach Ihren W\u00fcnschen und beraten Sie kompetent. Sei es eine Komfortl\u00fcftung, K\u00fcche- oder Badanlage wir sind Ihr Ansprechpartner f\u00fcr all Ihre Fragen. Z\u00f6gern Sie nicht, rufen Sie uns an.<\/p>\n\n\n\n<div class=\"wp-block-jetpack-tiled-gallery aligncenter is-style-columns\"><div class=\"has-rounded-corners-10\"><div class=\"tiled-gallery__gallery\"><div class=\"tiled-gallery__row\"><div class=\"tiled-gallery__col\" style=\"flex-basis:100.00000%\"><figure class=\"tiled-gallery__item\"><img decoding=\"async\" srcset=\"https:\/\/i2.wp.com\/peaceful-chandrasekhar.5-148-165-28.plesk.page\/wp-content\/uploads\/2024\/09\/Lueftung2-1024x768.jpg?strip=info&#038;w=600&#038;ssl=1 600w,https:\/\/i2.wp.com\/peaceful-chandrasekhar.5-148-165-28.plesk.page\/wp-content\/uploads\/2024\/09\/Lueftung2-1024x768.jpg?strip=info&#038;w=900&#038;ssl=1 900w,https:\/\/i2.wp.com\/peaceful-chandrasekhar.5-148-165-28.plesk.page\/wp-content\/uploads\/2024\/09\/Lueftung2-1024x768.jpg?strip=info&#038;w=1200&#038;ssl=1 1200w,https:\/\/i2.wp.com\/peaceful-chandrasekhar.5-148-165-28.plesk.page\/wp-content\/uploads\/2024\/09\/Lueftung2-1024x768.jpg?strip=info&#038;w=1500&#038;ssl=1 1500w,https:\/\/i2.wp.com\/peaceful-chandrasekhar.5-148-165-28.plesk.page\/wp-content\/uploads\/2024\/09\/Lueftung2-1024x768.jpg?strip=info&#038;w=1632&#038;ssl=1 1632w\" alt=\"\" data-height=\"1224\" data-id=\"56\" data-link=\"https:\/\/peaceful-chandrasekhar.5-148-165-28.plesk.page\/?attachment_id=56\" data-url=\"https:\/\/peaceful-chandrasekhar.5-148-165-28.plesk.page\/wp-content\/uploads\/2024\/09\/Lueftung2-1024x768.jpg\" data-width=\"1632\" src=\"https:\/\/i2.wp.com\/peaceful-chandrasekhar.5-148-165-28.plesk.page\/wp-content\/uploads\/2024\/09\/Lueftung2-1024x768.jpg?ssl=1\" data-amp-layout=\"responsive\" tabindex=\"0\" role=\"button\" aria-label=\"Open image 1 of 1 in full-screen\"\/><\/figure><\/div><\/div><\/div><\/div><\/div>\n","protected":false},"excerpt":{"rendered":"<p>L\u00fcftungstechnik Wir planen und erstellen L\u00fcftungsanlagen nach Ihren W\u00fcnschen und beraten Sie kompetent. Sei es eine Komfortl\u00fcftung, K\u00fcche- oder Badanlage [&hellip;]<\/p>\n","protected":false},"author":1,"featured_media":0,"parent":0,"menu_order":0,"comment_status":"closed","ping_status":"closed","template":"","meta":{"site-sidebar-layout":"default","site-content-layout":"","ast-site-content-layout":"","site-content-style":"default","site-sidebar-style":"default","ast-global-header-display":"","ast-banner-title-visibility":"","ast-main-header-display":"","ast-hfb-above-header-display":"","ast-hfb-below-header-display":"","ast-hfb-mobile-header-display":"","site-post-title":"","ast-breadcrumbs-content":"","ast-featured-img":"","footer-sml-layout":"","theme-transparent-header-meta":"","adv-header-id-meta":"","stick-header-meta":"","header-above-stick-meta":"","header-main-stick-meta":"","header-below-stick-meta":"","astra-migrate-meta-layouts":"default","ast-page-background-enabled":"default","ast-page-background-meta":{"desktop":{"background-color":"var(--ast-global-color-4)","background-image":"","background-repeat":"repeat","background-position":"center center","background-size":"auto","background-attachment":"scroll","background-type":"","background-media":"","overlay-type":"","overlay-color":"","overlay-opacity":"","overlay-gradient":""},"tablet":{"background-color":"","background-image":"","background-repeat":"repeat","background-position":"center center","background-size":"auto","background-attachment":"scroll","background-type":"","background-media":"","overlay-type":"","overlay-color":"","overlay-opacity":"","overlay-gradient":""},"mobile":{"background-color":"","background-image":"","background-repeat":"repeat","background-position":"center center","background-size":"auto","background-attachment":"scroll","background-type":"","background-media":"","overlay-type":"","overlay-color":"","overlay-opacity":"","overlay-gradient":""}},"ast-content-background-meta":{"desktop":{"background-color":"var(--ast-global-color-5)","background-image":"","background-repeat":"repeat","background-position":"center center","background-size":"auto","background-attachment":"scroll","background-type":"","background-media":"","overlay-type":"","overlay-color":"","overlay-opacity":"","overlay-gradient":""},"tablet":{"background-color":"var(--ast-global-color-5)","background-image":"","background-repeat":"repeat","background-position":"center center","background-size":"auto","background-attachment":"scroll","background-type":"","background-media":"","overlay-type":"","overlay-color":"","overlay-opacity":"","overlay-gradient":""},"mobile":{"background-color":"var(--ast-global-color-5)","background-image":"","background-repeat":"repeat","background-position":"center center","background-size":"auto","background-attachment":"scroll","background-type":"","background-media":"","overlay-type":"","overlay-color":"","overlay-opacity":"","overlay-gradient":""}},"footnotes":""},"class_list":["post-55","page","type-page","status-publish","hentry"],"jetpack_sharing_enabled":true,"_links":{"self":[{"href":"https:\/\/peaceful-chandrasekhar.5-148-165-28.plesk.page\/index.php\/wp-json\/wp\/v2\/pages\/55","targetHints":{"allow":["GET"]}}],"collection":[{"href":"https:\/\/peaceful-chandrasekhar.5-148-165-28.plesk.page\/index.php\/wp-json\/wp\/v2\/pages"}],"about":[{"href":"https:\/\/peaceful-chandrasekhar.5-148-165-28.plesk.page\/index.php\/wp-json\/wp\/v2\/types\/page"}],"author":[{"embeddable":true,"href":"https:\/\/peaceful-chandrasekhar.5-148-165-28.plesk.page\/index.php\/wp-json\/wp\/v2\/users\/1"}],"replies":[{"embeddable":true,"href":"https:\/\/peaceful-chandrasekhar.5-148-165-28.plesk.page\/index.php\/wp-json\/wp\/v2\/comments?post=55"}],"version-history":[{"count":1,"href":"https:\/\/peaceful-chandrasekhar.5-148-165-28.plesk.page\/index.php\/wp-json\/wp\/v2\/pages\/55\/revisions"}],"predecessor-version":[{"id":58,"href":"https:\/\/peaceful-chandrasekhar.5-148-165-28.plesk.page\/index.php\/wp-json\/wp\/v2\/pages\/55\/revisions\/58"}],"wp:attachment":[{"href":"https:\/\/peaceful-chandrasekhar.5-148-165-28.plesk.page\/index.php\/wp-json\/wp\/v2\/media?parent=55"}],"curies":[{"name":"wp","href":"https:\/\/api.w.org\/{rel}","templated":true}]}}