{"id":59,"date":"2024-09-03T20:38:25","date_gmt":"2024-09-03T20:38:25","guid":{"rendered":"https:\/\/peaceful-chandrasekhar.5-148-165-28.plesk.page\/?page_id=59"},"modified":"2024-09-03T20:38:25","modified_gmt":"2024-09-03T20:38:25","slug":"sanierung-und-reperatur","status":"publish","type":"page","link":"https:\/\/peaceful-chandrasekhar.5-148-165-28.plesk.page\/index.php\/sanierung-und-reperatur\/","title":{"rendered":"Sanierung und Reperatur"},"content":{"rendered":"\n<h2 class=\"wp-block-heading\">Sanierung und Reperatur<\/h2>\n\n\n\n<p>Planen Sie eine Teilsanierung Ihrer Sanit\u00e4ranlagen beraten wir Sie gerne kompetent und freundlich. Unser Ziel ist es, die neuen Anlagen optimal zum bestehenden Bad oder zur Dusche f\u00fcr Sie anzupassen.&nbsp;<\/p>\n\n\n\n<p>Das von Ins Serviceteam steht Ihnen jederzeit f\u00fcr Reperaturen an Sanit\u00e4r- und Heizungsanlagen zur Verf\u00fcgung.<\/p>\n\n\n\n<p>F\u00fcr Sanierungsarbeiten an Rohrleitungen stehen unsere ausgebildeten Fachkr\u00e4fte jederzeit gerne zu Ihrer Verf\u00fcgung.<\/p>\n\n\n\n<div class=\"wp-block-jetpack-tiled-gallery aligncenter is-style-columns\"><div class=\"has-rounded-corners-10\"><div class=\"tiled-gallery__gallery\"><div class=\"tiled-gallery__row\"><div class=\"tiled-gallery__col\" style=\"flex-basis:20.86860%\"><figure class=\"tiled-gallery__item\"><img decoding=\"async\" srcset=\"https:\/\/i1.wp.com\/peaceful-chandrasekhar.5-148-165-28.plesk.page\/wp-content\/uploads\/2024\/09\/Toilette-1024x768.jpg?strip=info&#038;w=600&#038;ssl=1 600w,https:\/\/i1.wp.com\/peaceful-chandrasekhar.5-148-165-28.plesk.page\/wp-content\/uploads\/2024\/09\/Toilette-1024x768.jpg?strip=info&#038;w=900&#038;ssl=1 900w,https:\/\/i1.wp.com\/peaceful-chandrasekhar.5-148-165-28.plesk.page\/wp-content\/uploads\/2024\/09\/Toilette-1024x768.jpg?strip=info&#038;w=1200&#038;ssl=1 1200w,https:\/\/i1.wp.com\/peaceful-chandrasekhar.5-148-165-28.plesk.page\/wp-content\/uploads\/2024\/09\/Toilette-1024x768.jpg?strip=info&#038;w=1500&#038;ssl=1 1500w\" alt=\"\" data-height=\"1125\" data-id=\"63\" data-link=\"https:\/\/peaceful-chandrasekhar.5-148-165-28.plesk.page\/?attachment_id=63\" data-url=\"https:\/\/peaceful-chandrasekhar.5-148-165-28.plesk.page\/wp-content\/uploads\/2024\/09\/Toilette-1024x768.jpg\" data-width=\"1500\" src=\"https:\/\/i1.wp.com\/peaceful-chandrasekhar.5-148-165-28.plesk.page\/wp-content\/uploads\/2024\/09\/Toilette-1024x768.jpg?ssl=1\" data-amp-layout=\"responsive\" tabindex=\"0\" role=\"button\" aria-label=\"Open image 1 of 4 in full-screen\"\/><\/figure><figure class=\"tiled-gallery__item\"><img decoding=\"async\" srcset=\"https:\/\/i2.wp.com\/peaceful-chandrasekhar.5-148-165-28.plesk.page\/wp-content\/uploads\/2024\/09\/Rohrleitungen-768x1024.jpg?strip=info&#038;w=600&#038;ssl=1 600w,https:\/\/i2.wp.com\/peaceful-chandrasekhar.5-148-165-28.plesk.page\/wp-content\/uploads\/2024\/09\/Rohrleitungen-768x1024.jpg?strip=info&#038;w=900&#038;ssl=1 900w,https:\/\/i2.wp.com\/peaceful-chandrasekhar.5-148-165-28.plesk.page\/wp-content\/uploads\/2024\/09\/Rohrleitungen-768x1024.jpg?strip=info&#038;w=1200&#038;ssl=1 1200w,https:\/\/i2.wp.com\/peaceful-chandrasekhar.5-148-165-28.plesk.page\/wp-content\/uploads\/2024\/09\/Rohrleitungen-768x1024.jpg?strip=info&#038;w=1448&#038;ssl=1 1448w\" alt=\"\" data-height=\"1931\" data-id=\"60\" data-link=\"https:\/\/peaceful-chandrasekhar.5-148-165-28.plesk.page\/?attachment_id=60\" data-url=\"https:\/\/peaceful-chandrasekhar.5-148-165-28.plesk.page\/wp-content\/uploads\/2024\/09\/Rohrleitungen-768x1024.jpg\" data-width=\"1448\" src=\"https:\/\/i2.wp.com\/peaceful-chandrasekhar.5-148-165-28.plesk.page\/wp-content\/uploads\/2024\/09\/Rohrleitungen-768x1024.jpg?ssl=1\" data-amp-layout=\"responsive\" tabindex=\"0\" role=\"button\" aria-label=\"Open image 2 of 4 in full-screen\"\/><\/figure><figure class=\"tiled-gallery__item\"><img decoding=\"async\" srcset=\"https:\/\/i1.wp.com\/peaceful-chandrasekhar.5-148-165-28.plesk.page\/wp-content\/uploads\/2024\/09\/Waschbecken_2-1024x768.jpg?strip=info&#038;w=600&#038;ssl=1 600w,https:\/\/i1.wp.com\/peaceful-chandrasekhar.5-148-165-28.plesk.page\/wp-content\/uploads\/2024\/09\/Waschbecken_2-1024x768.jpg?strip=info&#038;w=900&#038;ssl=1 900w,https:\/\/i1.wp.com\/peaceful-chandrasekhar.5-148-165-28.plesk.page\/wp-content\/uploads\/2024\/09\/Waschbecken_2-1024x768.jpg?strip=info&#038;w=1200&#038;ssl=1 1200w,https:\/\/i1.wp.com\/peaceful-chandrasekhar.5-148-165-28.plesk.page\/wp-content\/uploads\/2024\/09\/Waschbecken_2-1024x768.jpg?strip=info&#038;w=1500&#038;ssl=1 1500w\" alt=\"\" data-height=\"1125\" data-id=\"64\" data-link=\"https:\/\/peaceful-chandrasekhar.5-148-165-28.plesk.page\/?attachment_id=64\" data-url=\"https:\/\/peaceful-chandrasekhar.5-148-165-28.plesk.page\/wp-content\/uploads\/2024\/09\/Waschbecken_2-1024x768.jpg\" data-width=\"1500\" src=\"https:\/\/i1.wp.com\/peaceful-chandrasekhar.5-148-165-28.plesk.page\/wp-content\/uploads\/2024\/09\/Waschbecken_2-1024x768.jpg?ssl=1\" data-amp-layout=\"responsive\" tabindex=\"0\" role=\"button\" aria-label=\"Open image 3 of 4 in full-screen\"\/><\/figure><\/div><div class=\"tiled-gallery__col\" style=\"flex-basis:79.13140%\"><figure class=\"tiled-gallery__item\"><img decoding=\"async\" srcset=\"https:\/\/i1.wp.com\/peaceful-chandrasekhar.5-148-165-28.plesk.page\/wp-content\/uploads\/2024\/09\/Badewanne2-1024x768.jpg?strip=info&#038;w=600&#038;ssl=1 600w,https:\/\/i1.wp.com\/peaceful-chandrasekhar.5-148-165-28.plesk.page\/wp-content\/uploads\/2024\/09\/Badewanne2-1024x768.jpg?strip=info&#038;w=900&#038;ssl=1 900w,https:\/\/i1.wp.com\/peaceful-chandrasekhar.5-148-165-28.plesk.page\/wp-content\/uploads\/2024\/09\/Badewanne2-1024x768.jpg?strip=info&#038;w=1200&#038;ssl=1 1200w,https:\/\/i1.wp.com\/peaceful-chandrasekhar.5-148-165-28.plesk.page\/wp-content\/uploads\/2024\/09\/Badewanne2-1024x768.jpg?strip=info&#038;w=1500&#038;ssl=1 1500w,https:\/\/i1.wp.com\/peaceful-chandrasekhar.5-148-165-28.plesk.page\/wp-content\/uploads\/2024\/09\/Badewanne2-1024x768.jpg?strip=info&#038;w=1632&#038;ssl=1 1632w\" alt=\"\" data-height=\"1224\" data-id=\"61\" data-link=\"https:\/\/peaceful-chandrasekhar.5-148-165-28.plesk.page\/?attachment_id=61\" data-url=\"https:\/\/peaceful-chandrasekhar.5-148-165-28.plesk.page\/wp-content\/uploads\/2024\/09\/Badewanne2-1024x768.jpg\" data-width=\"1632\" src=\"https:\/\/i1.wp.com\/peaceful-chandrasekhar.5-148-165-28.plesk.page\/wp-content\/uploads\/2024\/09\/Badewanne2-1024x768.jpg?ssl=1\" data-amp-layout=\"responsive\" tabindex=\"0\" role=\"button\" aria-label=\"Open image 4 of 4 in full-screen\"\/><\/figure><\/div><\/div><\/div><\/div><\/div>\n\n\n\n<p><\/p>\n","protected":false},"excerpt":{"rendered":"<p>Sanierung und Reperatur Planen Sie eine Teilsanierung Ihrer Sanit\u00e4ranlagen beraten wir Sie gerne kompetent und freundlich. Unser Ziel ist es, [&hellip;]<\/p>\n","protected":false},"author":1,"featured_media":0,"parent":0,"menu_order":0,"comment_status":"closed","ping_status":"closed","template":"","meta":{"site-sidebar-layout":"default","site-content-layout":"","ast-site-content-layout":"","site-content-style":"default","site-sidebar-style":"default","ast-global-header-display":"","ast-banner-title-visibility":"","ast-main-header-display":"","ast-hfb-above-header-display":"","ast-hfb-below-header-display":"","ast-hfb-mobile-header-display":"","site-post-title":"","ast-breadcrumbs-content":"","ast-featured-img":"","footer-sml-layout":"","theme-transparent-header-meta":"","adv-header-id-meta":"","stick-header-meta":"","header-above-stick-meta":"","header-main-stick-meta":"","header-below-stick-meta":"","astra-migrate-meta-layouts":"default","ast-page-background-enabled":"default","ast-page-background-meta":{"desktop":{"background-color":"var(--ast-global-color-4)","background-image":"","background-repeat":"repeat","background-position":"center center","background-size":"auto","background-attachment":"scroll","background-type":"","background-media":"","overlay-type":"","overlay-color":"","overlay-opacity":"","overlay-gradient":""},"tablet":{"background-color":"","background-image":"","background-repeat":"repeat","background-position":"center center","background-size":"auto","background-attachment":"scroll","background-type":"","background-media":"","overlay-type":"","overlay-color":"","overlay-opacity":"","overlay-gradient":""},"mobile":{"background-color":"","background-image":"","background-repeat":"repeat","background-position":"center center","background-size":"auto","background-attachment":"scroll","background-type":"","background-media":"","overlay-type":"","overlay-color":"","overlay-opacity":"","overlay-gradient":""}},"ast-content-background-meta":{"desktop":{"background-color":"var(--ast-global-color-5)","background-image":"","background-repeat":"repeat","background-position":"center center","background-size":"auto","background-attachment":"scroll","background-type":"","background-media":"","overlay-type":"","overlay-color":"","overlay-opacity":"","overlay-gradient":""},"tablet":{"background-color":"var(--ast-global-color-5)","background-image":"","background-repeat":"repeat","background-position":"center center","background-size":"auto","background-attachment":"scroll","background-type":"","background-media":"","overlay-type":"","overlay-color":"","overlay-opacity":"","overlay-gradient":""},"mobile":{"background-color":"var(--ast-global-color-5)","background-image":"","background-repeat":"repeat","background-position":"center center","background-size":"auto","background-attachment":"scroll","background-type":"","background-media":"","overlay-type":"","overlay-color":"","overlay-opacity":"","overlay-gradient":""}},"footnotes":""},"class_list":["post-59","page","type-page","status-publish","hentry"],"jetpack_sharing_enabled":true,"_links":{"self":[{"href":"https:\/\/peaceful-chandrasekhar.5-148-165-28.plesk.page\/index.php\/wp-json\/wp\/v2\/pages\/59","targetHints":{"allow":["GET"]}}],"collection":[{"href":"https:\/\/peaceful-chandrasekhar.5-148-165-28.plesk.page\/index.php\/wp-json\/wp\/v2\/pages"}],"about":[{"href":"https:\/\/peaceful-chandrasekhar.5-148-165-28.plesk.page\/index.php\/wp-json\/wp\/v2\/types\/page"}],"author":[{"embeddable":true,"href":"https:\/\/peaceful-chandrasekhar.5-148-165-28.plesk.page\/index.php\/wp-json\/wp\/v2\/users\/1"}],"replies":[{"embeddable":true,"href":"https:\/\/peaceful-chandrasekhar.5-148-165-28.plesk.page\/index.php\/wp-json\/wp\/v2\/comments?post=59"}],"version-history":[{"count":1,"href":"https:\/\/peaceful-chandrasekhar.5-148-165-28.plesk.page\/index.php\/wp-json\/wp\/v2\/pages\/59\/revisions"}],"predecessor-version":[{"id":66,"href":"https:\/\/peaceful-chandrasekhar.5-148-165-28.plesk.page\/index.php\/wp-json\/wp\/v2\/pages\/59\/revisions\/66"}],"wp:attachment":[{"href":"https:\/\/peaceful-chandrasekhar.5-148-165-28.plesk.page\/index.php\/wp-json\/wp\/v2\/media?parent=59"}],"curies":[{"name":"wp","href":"https:\/\/api.w.org\/{rel}","templated":true}]}}